{"id":279984,"date":"2026-04-28T00:59:22","date_gmt":"2026-04-28T00:59:22","guid":{"rendered":"https:\/\/parquecentraloccidente1.co\/clasificados\/?post_type=product&#038;p=279984"},"modified":"2026-04-28T00:59:22","modified_gmt":"2026-04-28T00:59:22","slug":"venta-deposito-sotano-2","status":"publish","type":"product","link":"https:\/\/parquecentraloccidente1.co\/clasificados\/producto\/venta-deposito-sotano-2\/","title":{"rendered":"VENTA DEP\u00d3SITO S\u00d3TANO 2"},"content":{"rendered":"<p>Venta dep\u00f3sito 472, s\u00f3tano 2<br \/>\nContacto:<br \/>\nViviana Tavera<br \/>\n3016448277<br \/>\n3104642167<\/p>\n","protected":false},"excerpt":{"rendered":"<p>Venta dep\u00f3sito 472, s\u00f3tano 2 Contacto: Viviana Tavera 3016448277 3104642167<\/p>\n","protected":false},"featured_media":279972,"template":"","meta":{"_et_pb_use_builder":"","_et_pb_old_content":"","_et_gb_content_width":""},"product_brand":[],"product_cat":[69],"product_tag":[],"class_list":{"0":"post-279984","1":"product","2":"type-product","3":"status-publish","4":"has-post-thumbnail","6":"product_cat-deposito-venta","8":"first","9":"instock","10":"shipping-taxable","11":"product-type-simple"},"_links":{"self":[{"href":"https:\/\/parquecentraloccidente1.co\/clasificados\/wp-json\/wp\/v2\/product\/279984","targetHints":{"allow":["GET"]}}],"collection":[{"href":"https:\/\/parquecentraloccidente1.co\/clasificados\/wp-json\/wp\/v2\/product"}],"about":[{"href":"https:\/\/parquecentraloccidente1.co\/clasificados\/wp-json\/wp\/v2\/types\/product"}],"wp:featuredmedia":[{"embeddable":true,"href":"https:\/\/parquecentraloccidente1.co\/clasificados\/wp-json\/wp\/v2\/media\/279972"}],"wp:attachment":[{"href":"https:\/\/parquecentraloccidente1.co\/clasificados\/wp-json\/wp\/v2\/media?parent=279984"}],"wp:term":[{"taxonomy":"product_brand","embeddable":true,"href":"https:\/\/parquecentraloccidente1.co\/clasificados\/wp-json\/wp\/v2\/product_brand?post=279984"},{"taxonomy":"product_cat","embeddable":true,"href":"https:\/\/parquecentraloccidente1.co\/clasificados\/wp-json\/wp\/v2\/product_cat?post=279984"},{"taxonomy":"product_tag","embeddable":true,"href":"https:\/\/parquecentraloccidente1.co\/clasificados\/wp-json\/wp\/v2\/product_tag?post=279984"}],"curies":[{"name":"wp","href":"https:\/\/api.w.org\/{rel}","templated":true}]}}